{"id":82,"date":"2020-12-02T16:15:47","date_gmt":"2020-12-02T16:15:47","guid":{"rendered":"https:\/\/cartonsducoeurgruyere.ch\/?page_id=82"},"modified":"2021-06-11T15:04:27","modified_gmt":"2021-06-11T15:04:27","slug":"charte","status":"publish","type":"page","link":"https:\/\/cartonsducoeurgruyere.ch\/index.php\/charte\/","title":{"rendered":"Charte"},"content":{"rendered":"<p>[et_pb_section fb_built=\u00a0\u00bb1&Prime; _builder_version=\u00a0\u00bb4.7.4&Prime; _module_preset=\u00a0\u00bbdefault\u00a0\u00bb][et_pb_row _builder_version=\u00a0\u00bb4.7.4&Prime; _module_preset=\u00a0\u00bbdefault\u00a0\u00bb][et_pb_column type=\u00a0\u00bb4_4&Prime; _builder_version=\u00a0\u00bb4.7.4&Prime; _module_preset=\u00a0\u00bbdefault\u00a0\u00bb][et_pb_text admin_label=\u00a0\u00bbtitre la charte\u00a0\u00bb _builder_version=\u00a0\u00bb4.7.7&Prime; _module_preset=\u00a0\u00bbdefault\u00a0\u00bb text_font=\u00a0\u00bbCharmonman||||||||\u00a0\u00bb text_text_color=\u00a0\u00bb#000000&Prime; text_font_size=\u00a0\u00bb30px\u00a0\u00bb header_font=\u00a0\u00bbCharmonman||||||||\u00a0\u00bb header_2_font=\u00a0\u00bbCharmonman||||||||\u00a0\u00bb]<\/p>\n<h2><em><strong>La charte des cartons du coeur du canton de Friboug<\/strong><\/em><\/h2>\n<p>[\/et_pb_text][et_pb_text admin_label=\u00a0\u00bbtexte de la charte\u00a0\u00bb _builder_version=\u00a0\u00bb4.7.4&Prime; _module_preset=\u00a0\u00bbdefault\u00a0\u00bb text_text_color=\u00a0\u00bb#000000&Prime; text_font_size=\u00a0\u00bb16px\u00a0\u00bb]<\/p>\n<p>Les Cartons du C\u0153ur apportent une aide sous forme de nourriture et de produits d\u2019hygi\u00e8ne aux gens n\u00e9cessiteux qui se sont adress\u00e9s \u00e0 eux ou qui leur sont signal\u00e9s par des tiers.<\/p>\n<p>Ils n\u2019ont ni pour vocation ni pour objectif de se substituer aux services sociaux.<\/p>\n<p>Les personnes qui les sollicitent ne doivent, en principe, pas remplir de formulaire sp\u00e9cifique. Suivant les circonstances cependant, il sera possible de leur demander certains renseignements, ainsi que d\u2019\u00e9ventuels documents justificatifs.<\/p>\n<p>En principe, les personnes relevant du statut de requ\u00e9rant d\u2019asile et celles soutenues par l\u2019assistance sociale ne devraient pas avoir \u00e0 faire appel aux Cartons du C\u0153ur. Les Cartons du C\u0153ur consistent en effet en une aide de premier secours, dans le but d\u2019\u00e9viter une crise passag\u00e8re et non en un soutien permanent. Ce n\u2019est donc qu\u2019\u00e0 titre exceptionnel qu\u2019une aide peut leur \u00eatre apport\u00e9e.<\/p>\n<p>L\u2019anonymat des b\u00e9n\u00e9ficiaires des Cartons du C\u0153ur doit \u00eatre scrupuleusement respect\u00e9 en toute circonstance. Les b\u00e9n\u00e9voles de l\u2019association s\u2019engagent \u00e0 ne pas trahir ce secret. Ils auront constamment \u00e0 l\u2019esprit que les gens qui font appel aux Cartons du C\u0153ur se trouvent dans une situation pr\u00e9caire, de sorte qu\u2019il y aura toujours lieu de faire preuve du tact n\u00e9cessaire en les contactant.<\/p>\n<p>Aucune contribution p\u00e9cuniaire ne doit jamais \u00eatre demand\u00e9e aux b\u00e9n\u00e9ficiaires des Cartons du C\u0153ur.<\/p>\n<p>Une collaboration \u00e9troite peut s\u2019instaurer entre les Cartons du C\u0153ur et des organismes \u00e0 vocation similaire ou compl\u00e9mentaire. Toutefois, en toute circonstance, les Cartons du C\u0153ur doivent conserver leur totale ind\u00e9pendance.<\/p>\n<p>Chaque antenne est libre de s\u2019organiser en tenant compte des sp\u00e9cificit\u00e9s locales. On ne saurait toutefois d\u00e9roger aux principes d\u00e9gag\u00e9s par la pr\u00e9sente charte. En outre, les antennes coordonnent leurs activit\u00e9s, de mani\u00e8re \u00e0 unir leurs forces et \u00e0 d\u00e9limiter leurs interventions sur le plan territorial.<\/p>\n<p>Une attention particuli\u00e8re doit \u00eatre vou\u00e9e \u00e0 la mani\u00e8re dont l\u2019argent n\u00e9cessaire \u00e0 la confection des cartons est r\u00e9colt\u00e9. L\u2019appellation \u201cCartons du C\u0153ur\u201d ne saurait \u00eatre consid\u00e9r\u00e9e comme un tremplin publicitaire.<\/p>\n<p>Charte adopt\u00e9e lors de l\u2019assembl\u00e9e g\u00e9n\u00e9rale du 26 mai 2011.<\/p>\n<p>[\/et_pb_text][et_pb_text admin_label=\u00a0\u00bbqu&rsquo;est-ce que &lsquo;est\u00a0\u00bb _builder_version=\u00a0\u00bb4.7.4&Prime; _module_preset=\u00a0\u00bbdefault\u00a0\u00bb text_font=\u00a0\u00bbCharmonman||||||||\u00a0\u00bb text_text_color=\u00a0\u00bb#000000&Prime; text_font_size=\u00a0\u00bb30px\u00a0\u00bb]<\/p>\n<h2><em><strong>Les cartons du coeur, qu&rsquo;est-ce que c&rsquo;est<\/strong><\/em><\/h2>\n<p>[\/et_pb_text][et_pb_text admin_label=\u00a0\u00bbexplication qu&rsquo;est&#8230;\u00a0\u00bb _builder_version=\u00a0\u00bb4.7.4&Prime; _module_preset=\u00a0\u00bbdefault\u00a0\u00bb text_text_color=\u00a0\u00bb#000000&Prime; text_font_size=\u00a0\u00bb16px\u00a0\u00bb]<\/p>\n<p>Les Cartons du C\u0153ur sont une association compos\u00e9e enti\u00e8rement de b\u00e9n\u00e9voles qui a \u00e9t\u00e9 cr\u00e9\u00e9e en 1992 \u00e0 Neuch\u00e2tel. Depuis, elle a bien grandi et on compte aujourd\u2019hui des antennes dans de nombreux cantons. Les antennes fribourgeoises et de la Broye vaudoise sont regroup\u00e9es sous la forme d\u2019une association qui est reconnue d\u2019utilit\u00e9 publique depuis 1999. Tous les membres sont b\u00e9n\u00e9voles et les comptes sont v\u00e9rifi\u00e9s par une fiduciaire.<\/p>\n<p>La marchandise distribu\u00e9e aux personnes que nous aidons provient de dons de la population. Nous vivons \u00e9galement des dons en esp\u00e8ces que nous offrent des particuliers ou des entreprises.<br \/>Les Cartons du C\u0153ur sont ind\u00e9pendants des autorit\u00e9s politiques et religieuses, ils ne sont pas soutenus financi\u00e8rement.<\/p>\n<p>[\/et_pb_text][\/et_pb_column][\/et_pb_row][\/et_pb_section]<\/p>\n","protected":false},"excerpt":{"rendered":"<p>La charte des cartons du coeur du canton de FribougLes Cartons du C\u0153ur apportent une aide sous forme de nourriture et de produits d\u2019hygi\u00e8ne aux gens n\u00e9cessiteux qui se sont adress\u00e9s \u00e0 eux ou qui leur sont signal\u00e9s par des tiers. Ils n\u2019ont ni pour vocation ni pour objectif de se substituer aux services sociaux. [&hellip;]<\/p>\n","protected":false},"author":1,"featured_media":0,"parent":0,"menu_order":0,"comment_status":"closed","ping_status":"closed","template":"","meta":{"_seopress_robots_primary_cat":"","_seopress_titles_title":"charte","_seopress_titles_desc":"charte des cartons du coeur de la gruy\u00e8re","_seopress_robots_index":"","_et_pb_use_builder":"on","_et_pb_old_content":"","_et_gb_content_width":"","footnotes":""},"class_list":["post-82","page","type-page","status-publish","hentry"],"_links":{"self":[{"href":"https:\/\/cartonsducoeurgruyere.ch\/index.php\/wp-json\/wp\/v2\/pages\/82","targetHints":{"allow":["GET"]}}],"collection":[{"href":"https:\/\/cartonsducoeurgruyere.ch\/index.php\/wp-json\/wp\/v2\/pages"}],"about":[{"href":"https:\/\/cartonsducoeurgruyere.ch\/index.php\/wp-json\/wp\/v2\/types\/page"}],"author":[{"embeddable":true,"href":"https:\/\/cartonsducoeurgruyere.ch\/index.php\/wp-json\/wp\/v2\/users\/1"}],"replies":[{"embeddable":true,"href":"https:\/\/cartonsducoeurgruyere.ch\/index.php\/wp-json\/wp\/v2\/comments?post=82"}],"version-history":[{"count":15,"href":"https:\/\/cartonsducoeurgruyere.ch\/index.php\/wp-json\/wp\/v2\/pages\/82\/revisions"}],"predecessor-version":[{"id":457,"href":"https:\/\/cartonsducoeurgruyere.ch\/index.php\/wp-json\/wp\/v2\/pages\/82\/revisions\/457"}],"wp:attachment":[{"href":"https:\/\/cartonsducoeurgruyere.ch\/index.php\/wp-json\/wp\/v2\/media?parent=82"}],"curies":[{"name":"wp","href":"https:\/\/api.w.org\/{rel}","templated":true}]}}