{"id":410,"date":"2020-12-18T10:30:02","date_gmt":"2020-12-18T10:30:02","guid":{"rendered":"https:\/\/cartonsducoeurgruyere.ch\/?page_id=410"},"modified":"2024-03-19T11:17:26","modified_gmt":"2024-03-19T11:17:26","slug":"on-collecte","status":"publish","type":"page","link":"https:\/\/cartonsducoeurgruyere.ch\/index.php\/on-collecte\/","title":{"rendered":"On collecte"},"content":{"rendered":"<p>[et_pb_section fb_built=\u00a0\u00bb1&Prime; _builder_version=\u00a0\u00bb4.16&Prime; _module_preset=\u00a0\u00bbdefault\u00a0\u00bb custom_padding=\u00a0\u00bb119px|||||\u00a0\u00bb global_colors_info=\u00a0\u00bb{}\u00a0\u00bb][et_pb_row _builder_version=\u00a0\u00bb4.16&Prime; _module_preset=\u00a0\u00bbdefault\u00a0\u00bb custom_margin=\u00a0\u00bb-105px|auto||auto||\u00a0\u00bb custom_padding=\u00a0\u00bb0px|||2px||\u00a0\u00bb global_colors_info=\u00a0\u00bb{}\u00a0\u00bb][et_pb_column type=\u00a0\u00bb4_4&Prime; _builder_version=\u00a0\u00bb4.16&Prime; _module_preset=\u00a0\u00bbdefault\u00a0\u00bb global_colors_info=\u00a0\u00bb{}\u00a0\u00bb][et_pb_text admin_label=\u00a0\u00bbnous collectons &#8230;\u00a0\u00bb _builder_version=\u00a0\u00bb4.24.2&Prime; _module_preset=\u00a0\u00bbdefault\u00a0\u00bb text_text_color=\u00a0\u00bb#000000&Prime; text_font_size=\u00a0\u00bb21px\u00a0\u00bb header_font_size=\u00a0\u00bb21px\u00a0\u00bb custom_padding=\u00a0\u00bb0px||0px|||\u00a0\u00bb hover_enabled=\u00a0\u00bb0&Prime; global_colors_info=\u00a0\u00bb{}\u00a0\u00bb sticky_enabled=\u00a0\u00bb0&Prime;]<\/p>\n<h1>Nous collectons de la nourriture en self service 7j\/7j \u00e0 l&rsquo;adresse :<\/h1>\n<p style=\"text-align: center;\"><strong>Chemin des Combes 11 \u00e0 Bulle &#8211; <\/strong><em>voir plan ci-dessous<\/em><\/p>\n<p>Vous trouverez un cageot rose devant les garages \u00e0 l&rsquo;abri pour d\u00e9poser votre don.<\/p>\n<p>Les produits :<\/p>\n<p>EN BOITES : Fruits, l\u00e9gumes, thon, haricots, petits pois\/carottes, tomates pel\u00e9es, ma\u00efs.<\/p>\n<p>Soupes en sachet, c\u00e9r\u00e9ales, sucre, sel, confitures, chocolat, biscuits, cacao, caf\u00e9 soluble, shampoing, dentifrice, produit de douche, th\u00e9, brosses \u00e0 dents, parfait, r\u00f6estis, p\u00e2tes, spaghetti &#8230;<\/p>\n<p>Attention aux dates de p\u00e9remption.<\/p>\n<p><strong>Un grand merci pour votre soutien<\/strong><\/p>\n<p>[\/et_pb_text][et_pb_code _builder_version=\u00a0\u00bb4.16&Prime; _module_preset=\u00a0\u00bbdefault\u00a0\u00bb global_colors_info=\u00a0\u00bb{}\u00a0\u00bb]<iframe loading=\"lazy\" src=\"https:\/\/www.google.com\/maps\/embed?pb=!1m18!1m12!1m3!1d2739.9460026611264!2d7.051969715560575!3d46.62782887913197!2m3!1f0!2f0!3f0!3m2!1i1024!2i768!4f13.1!3m3!1m2!1s0x478e62f4d1aa707b%3A0xf80437dfd80133b1!2sChemin%20des%20Combes%2011%2C%201630%20Bulle!5e0!3m2!1sfr!2sch!4v1608287649253!5m2!1sfr!2sch\" width=\"600\" height=\"450\" frameborder=\"0\" style=\"border:0;\" allowfullscreen=\"\" aria-hidden=\"false\" tabindex=\"0\"><\/iframe>[\/et_pb_code][\/et_pb_column][\/et_pb_row][\/et_pb_section]<\/p>\n","protected":false},"excerpt":{"rendered":"<p>Nous collectons de la nourriture en self service 7j\/7j \u00e0 l&rsquo;adresse : Chemin des Combes 11 \u00e0 Bulle &#8211; voir plan ci-dessous Vous trouverez un cageot rose devant les garages \u00e0 l&rsquo;abri pour d\u00e9poser votre don. Les produits : EN BOITES : Fruits, l\u00e9gumes, thon, haricots, petits pois\/carottes, tomates pel\u00e9es, ma\u00efs. Soupes en sachet, c\u00e9r\u00e9ales, [&hellip;]<\/p>\n","protected":false},"author":1,"featured_media":0,"parent":0,"menu_order":0,"comment_status":"closed","ping_status":"closed","template":"","meta":{"_seopress_robots_primary_cat":"","_seopress_titles_title":"cartons du coeur de la gruy\u00e8re","_seopress_titles_desc":"nous collectons de la nourriture","_seopress_robots_index":"","_seopress_analysis_target_kw":"collecte,cartons,coeur,gruy\u00e8re","_et_pb_use_builder":"on","_et_pb_old_content":"","_et_gb_content_width":"","footnotes":""},"class_list":["post-410","page","type-page","status-publish","hentry"],"_links":{"self":[{"href":"https:\/\/cartonsducoeurgruyere.ch\/index.php\/wp-json\/wp\/v2\/pages\/410","targetHints":{"allow":["GET"]}}],"collection":[{"href":"https:\/\/cartonsducoeurgruyere.ch\/index.php\/wp-json\/wp\/v2\/pages"}],"about":[{"href":"https:\/\/cartonsducoeurgruyere.ch\/index.php\/wp-json\/wp\/v2\/types\/page"}],"author":[{"embeddable":true,"href":"https:\/\/cartonsducoeurgruyere.ch\/index.php\/wp-json\/wp\/v2\/users\/1"}],"replies":[{"embeddable":true,"href":"https:\/\/cartonsducoeurgruyere.ch\/index.php\/wp-json\/wp\/v2\/comments?post=410"}],"version-history":[{"count":13,"href":"https:\/\/cartonsducoeurgruyere.ch\/index.php\/wp-json\/wp\/v2\/pages\/410\/revisions"}],"predecessor-version":[{"id":1101,"href":"https:\/\/cartonsducoeurgruyere.ch\/index.php\/wp-json\/wp\/v2\/pages\/410\/revisions\/1101"}],"wp:attachment":[{"href":"https:\/\/cartonsducoeurgruyere.ch\/index.php\/wp-json\/wp\/v2\/media?parent=410"}],"curies":[{"name":"wp","href":"https:\/\/api.w.org\/{rel}","templated":true}]}}