{"id":329,"date":"2020-12-14T09:50:46","date_gmt":"2020-12-14T09:50:46","guid":{"rendered":"https:\/\/cartonsducoeurgruyere.ch\/?page_id=329"},"modified":"2020-12-21T13:36:09","modified_gmt":"2020-12-21T13:36:09","slug":"liens","status":"publish","type":"page","link":"https:\/\/cartonsducoeurgruyere.ch\/index.php\/liens\/","title":{"rendered":"Liens"},"content":{"rendered":"<p>[et_pb_section fb_built=\u00a0\u00bb1&Prime; _builder_version=\u00a0\u00bb4.7.6&Prime; _module_preset=\u00a0\u00bbdefault\u00a0\u00bb][et_pb_row _builder_version=\u00a0\u00bb4.7.6&Prime; _module_preset=\u00a0\u00bbdefault\u00a0\u00bb][et_pb_column type=\u00a0\u00bb4_4&Prime; _builder_version=\u00a0\u00bb4.7.6&Prime; _module_preset=\u00a0\u00bbdefault\u00a0\u00bb][et_pb_text _builder_version=\u00a0\u00bb4.7.6&Prime; _module_preset=\u00a0\u00bbdefault\u00a0\u00bb text_text_color=\u00a0\u00bb#000000&Prime; text_font_size=\u00a0\u00bb19px\u00a0\u00bb]<\/p>\n<p style=\"text-align: center;\">Ci-dessous, des associations qui peuvent vous aider &#8211; cliquez sur le logo pour atteindre le site<\/p>\n<p>[\/et_pb_text][\/et_pb_column][\/et_pb_row][et_pb_row column_structure=\u00a0\u00bb1_3,1_3,1_3&Prime; _builder_version=\u00a0\u00bb4.7.6&Prime; _module_preset=\u00a0\u00bbdefault\u00a0\u00bb][et_pb_column type=\u00a0\u00bb1_3&Prime; _builder_version=\u00a0\u00bb4.7.6&Prime; _module_preset=\u00a0\u00bbdefault\u00a0\u00bb][et_pb_image src=\u00a0\u00bbhttps:\/\/cartonsducoeurgruyere.ch\/wp-content\/uploads\/2020\/12\/logo_solidaire_gruy.jpg\u00a0\u00bb title_text=\u00a0\u00bblogo_solidaire_gruy\u00a0\u00bb url=\u00a0\u00bbhttps:\/\/www.solidaires-en-gruyere.ch\/plateforme-solidarite-gruyere\u00a0\u00bb url_new_window=\u00a0\u00bbon\u00a0\u00bb admin_label=\u00a0\u00bblien solidarit\u00e9 gruy\u00e8re\u00a0\u00bb _builder_version=\u00a0\u00bb4.7.6&Prime; _module_preset=\u00a0\u00bbdefault\u00a0\u00bb][\/et_pb_image][\/et_pb_column][et_pb_column type=\u00a0\u00bb1_3&Prime; _builder_version=\u00a0\u00bb4.7.6&Prime; _module_preset=\u00a0\u00bbdefault\u00a0\u00bb][et_pb_image src=\u00a0\u00bbhttps:\/\/cartonsducoeurgruyere.ch\/wp-content\/uploads\/2020\/12\/logo_cdc_fribourg.png\u00a0\u00bb title_text=\u00a0\u00bblogo_cdc_fribourg\u00a0\u00bb url=\u00a0\u00bbhttps:\/\/www.cartonsducoeur-fribourg.ch\/\u00a0\u00bb url_new_window=\u00a0\u00bbon\u00a0\u00bb admin_label=\u00a0\u00bblien cartons du coeur fribourg\u00a0\u00bb _builder_version=\u00a0\u00bb4.7.6&Prime; _module_preset=\u00a0\u00bbdefault\u00a0\u00bb][\/et_pb_image][\/et_pb_column][et_pb_column type=\u00a0\u00bb1_3&Prime; _builder_version=\u00a0\u00bb4.7.6&Prime; _module_preset=\u00a0\u00bbdefault\u00a0\u00bb][et_pb_image src=\u00a0\u00bbhttps:\/\/cartonsducoeurgruyere.ch\/wp-content\/uploads\/2020\/12\/logo-carton-du-coeur-temp.jpg\u00a0\u00bb title_text=\u00a0\u00bblogo-carton-du-coeur-temp\u00a0\u00bb url=\u00a0\u00bbhttps:\/\/www.cartonsducoeur.ch\/\u00a0\u00bb url_new_window=\u00a0\u00bbon\u00a0\u00bb admin_label=\u00a0\u00bblien cartons du coeur vaud\u00a0\u00bb _builder_version=\u00a0\u00bb4.7.6&Prime; _module_preset=\u00a0\u00bbdefault\u00a0\u00bb][\/et_pb_image][\/et_pb_column][\/et_pb_row][\/et_pb_section]<\/p>\n","protected":false},"excerpt":{"rendered":"<p>Ci-dessous, des associations qui peuvent vous aider &#8211; cliquez sur le logo pour atteindre le site<\/p>\n","protected":false},"author":1,"featured_media":0,"parent":0,"menu_order":0,"comment_status":"closed","ping_status":"closed","template":"","meta":{"_seopress_robots_primary_cat":"","_seopress_titles_title":"cartons du coeur de la gruy\u00e8re","_seopress_titles_desc":"liens les associations caritatives de la gruy\u00e8re","_seopress_robots_index":"","_seopress_analysis_target_kw":"associations,caritatives,gruy\u00e8re,liens","_et_pb_use_builder":"on","_et_pb_old_content":"","_et_gb_content_width":"","footnotes":""},"class_list":["post-329","page","type-page","status-publish","hentry"],"_links":{"self":[{"href":"https:\/\/cartonsducoeurgruyere.ch\/index.php\/wp-json\/wp\/v2\/pages\/329","targetHints":{"allow":["GET"]}}],"collection":[{"href":"https:\/\/cartonsducoeurgruyere.ch\/index.php\/wp-json\/wp\/v2\/pages"}],"about":[{"href":"https:\/\/cartonsducoeurgruyere.ch\/index.php\/wp-json\/wp\/v2\/types\/page"}],"author":[{"embeddable":true,"href":"https:\/\/cartonsducoeurgruyere.ch\/index.php\/wp-json\/wp\/v2\/users\/1"}],"replies":[{"embeddable":true,"href":"https:\/\/cartonsducoeurgruyere.ch\/index.php\/wp-json\/wp\/v2\/comments?post=329"}],"version-history":[{"count":5,"href":"https:\/\/cartonsducoeurgruyere.ch\/index.php\/wp-json\/wp\/v2\/pages\/329\/revisions"}],"predecessor-version":[{"id":462,"href":"https:\/\/cartonsducoeurgruyere.ch\/index.php\/wp-json\/wp\/v2\/pages\/329\/revisions\/462"}],"wp:attachment":[{"href":"https:\/\/cartonsducoeurgruyere.ch\/index.php\/wp-json\/wp\/v2\/media?parent=329"}],"curies":[{"name":"wp","href":"https:\/\/api.w.org\/{rel}","templated":true}]}}