{"id":288,"date":"2020-12-11T09:40:44","date_gmt":"2020-12-11T09:40:44","guid":{"rendered":"https:\/\/cartonsducoeurgruyere.ch\/?page_id=288"},"modified":"2021-10-14T08:52:37","modified_gmt":"2021-10-14T08:52:37","slug":"medias","status":"publish","type":"page","link":"https:\/\/cartonsducoeurgruyere.ch\/index.php\/medias\/","title":{"rendered":"Medias"},"content":{"rendered":"<p>[et_pb_section fb_built=\u00a0\u00bb1&Prime; _builder_version=\u00a0\u00bb4.7.5&Prime; _module_preset=\u00a0\u00bbdefault\u00a0\u00bb global_colors_info=\u00a0\u00bb{}\u00a0\u00bb][et_pb_row column_structure=\u00a0\u00bb2_5,3_5&Prime; _builder_version=\u00a0\u00bb4.7.5&Prime; _module_preset=\u00a0\u00bbdefault\u00a0\u00bb global_colors_info=\u00a0\u00bb{}\u00a0\u00bb][et_pb_column type=\u00a0\u00bb2_5&Prime; _builder_version=\u00a0\u00bb4.7.5&Prime; _module_preset=\u00a0\u00bbdefault\u00a0\u00bb global_colors_info=\u00a0\u00bb{}\u00a0\u00bb][et_pb_image src=\u00a0\u00bbhttps:\/\/cartonsducoeurgruyere.ch\/wp-content\/uploads\/2020\/12\/la_gruyere.png\u00a0\u00bb title_text=\u00a0\u00bbla_gruyere\u00a0\u00bb admin_label=\u00a0\u00bbsigle la gruy\u00e8re journal\u00a0\u00bb _builder_version=\u00a0\u00bb4.7.5&Prime; _module_preset=\u00a0\u00bbdefault\u00a0\u00bb global_colors_info=\u00a0\u00bb{}\u00a0\u00bb][\/et_pb_image][\/et_pb_column][et_pb_column type=\u00a0\u00bb3_5&Prime; _builder_version=\u00a0\u00bb4.7.5&Prime; _module_preset=\u00a0\u00bbdefault\u00a0\u00bb global_colors_info=\u00a0\u00bb{}\u00a0\u00bb][et_pb_text _builder_version=\u00a0\u00bb4.11.2&Prime; _module_preset=\u00a0\u00bbdefault\u00a0\u00bb text_text_color=\u00a0\u00bb#000000&Prime; text_font_size=\u00a0\u00bb20px\u00a0\u00bb text_line_height=\u00a0\u00bb1.8em\u00a0\u00bb hover_enabled=\u00a0\u00bb0&Prime; global_colors_info=\u00a0\u00bb{}\u00a0\u00bb sticky_enabled=\u00a0\u00bb0&Prime;]<\/p>\n<p><em><strong>La Gruy\u00e8re<\/strong><\/em> a publi\u00e9 un article dans son \u00e9dition du 12 octobre 2021 sous le titre : <em><strong>\u00ab\u00a0Chez nous, des gens ont faim, ce n&rsquo;est pas seulement ailleurs\u00a0\u00bb &#8211;\u00a0<\/strong><\/em>Pour voir l&rsquo;article, cliquez <a href=\"https:\/\/cartonsducoeurgruyere.ch\/wp-content\/uploads\/2021\/10\/20211012_p3_etude_precarite.pdf\" target=\"_blank\" rel=\"noopener\"><strong>ICI<\/strong><\/a><\/p>\n<p>Sous le titre \u00ab\u00a0<em>Pr\u00e8s de 60 associations lancent un appel aux autorit\u00e9s<\/em>\u00ab\u00a0, <em><strong>La Gruy\u00e8re<\/strong><\/em> a publi\u00e9 un article dans son \u00e9dition du 11.03.2021. Pour voir l&rsquo;article, cliquez <strong><a href=\"https:\/\/cartonsducoeurgruyere.ch\/wp-content\/uploads\/2021\/03\/gruyere_20210311_60_assoc.pdf\" target=\"_blank\" rel=\"noopener\">ICI<\/a><\/strong><\/p>\n<p><em><strong>La Gruy\u00e8re<\/strong><\/em> a ins\u00e9r\u00e9 dans l&rsquo;\u00e9dition du 23 janvier 2021 un article sur l&rsquo;avant projet de Loi sur l&rsquo;aide sociale, pour le consulter, cliquez <a href=\"https:\/\/cartonsducoeurgruyere.ch\/wp-content\/uploads\/2021\/01\/gruyere_20210123.pdf\" target=\"_blank\" rel=\"noopener\"><strong>ICI<\/strong><\/a><\/p>\n<p>Dans son \u00e9dition du 10 d\u00e9cembre 2020, le journal <em><strong>LA GRUYERE<\/strong><\/em> a ins\u00e9r\u00e9 un article au sujet de la pr\u00e9carit\u00e9 qui affecte aussi le district. Merci \u00e0 la r\u00e9daction du journal pour l&rsquo;autorisation de le mettre en ligne dans notre site. Pour y acc\u00e9der, cliquez <a href=\"https:\/\/cartonsducoeurgruyere.ch\/wp-content\/uploads\/2020\/12\/la_gruyere_20201210.pdf\" target=\"_blank\" rel=\"noopener\"><strong>ICI<\/strong><\/a><\/p>\n<p><em><strong>La Gruy\u00e8re<\/strong><\/em> a publi\u00e9 le 4 juin 2020 un article \u00ab\u00a0La crise sanitaire devient sociale\u00a0\u00bb pour voir l&rsquo;article, cliquez <strong><a href=\"https:\/\/cartonsducoeurgruyere.ch\/wp-content\/uploads\/2020\/12\/lagruy_juin_2020.pdf\" target=\"_blank\" rel=\"noopener\">ICI<\/a><\/strong><\/p>\n<p>Pour voir l&rsquo;article de <em><strong>LA GRUYERE<\/strong><\/em> du 27 d\u00e9cembre 2016 \u00ab\u00a0Donner fait partie des apprentissages\u00a0\u00bb, cliquez <a href=\"https:\/\/www.lagruyere.ch\/2016\/12\/donner-fait-partie-des-apprentissages.html\" target=\"_blank\" rel=\"noopener\"><strong>ICI<\/strong><\/a><\/p>\n<p>Le 22 novembre 2003, <em><strong>LA GRUYERE<\/strong><\/em> publiait un article pour annoncer les 10 ans de l&rsquo;antenne gru\u00e9rienne des cartons du coeur, pour voir l&rsquo;article, cliquez <a href=\"https:\/\/loisirs.lagrue.ch\/uploads\/archives\/2003\/03.11.22\/gruyere2.htm\" target=\"_blank\" rel=\"noopener\"><strong>ICI<\/strong><\/a><\/p>\n<p>[\/et_pb_text][\/et_pb_column][\/et_pb_row][\/et_pb_section]<\/p>\n","protected":false},"excerpt":{"rendered":"<p>La Gruy\u00e8re a publi\u00e9 un article dans son \u00e9dition du 12 octobre 2021 sous le titre : \u00ab\u00a0Chez nous, des gens ont faim, ce n&rsquo;est pas seulement ailleurs\u00a0\u00bb &#8211;\u00a0Pour voir l&rsquo;article, cliquez ICI Sous le titre \u00ab\u00a0Pr\u00e8s de 60 associations lancent un appel aux autorit\u00e9s\u00a0\u00bb, La Gruy\u00e8re a publi\u00e9 un article dans son \u00e9dition du [&hellip;]<\/p>\n","protected":false},"author":1,"featured_media":0,"parent":0,"menu_order":0,"comment_status":"closed","ping_status":"closed","template":"","meta":{"_seopress_robots_primary_cat":"","_seopress_titles_title":"cartons du coeur de la gruy\u00e8re","_seopress_titles_desc":"articles de presse pour les cartons du coeur de la gruy\u00e8re","_seopress_robots_index":"","_seopress_analysis_target_kw":"medias,cartons,coeur,gruy\u00e8res,pr\u00e9carit\u00e9,la gruy\u00e8re","_et_pb_use_builder":"on","_et_pb_old_content":"","_et_gb_content_width":"","footnotes":""},"class_list":["post-288","page","type-page","status-publish","hentry"],"_links":{"self":[{"href":"https:\/\/cartonsducoeurgruyere.ch\/index.php\/wp-json\/wp\/v2\/pages\/288","targetHints":{"allow":["GET"]}}],"collection":[{"href":"https:\/\/cartonsducoeurgruyere.ch\/index.php\/wp-json\/wp\/v2\/pages"}],"about":[{"href":"https:\/\/cartonsducoeurgruyere.ch\/index.php\/wp-json\/wp\/v2\/types\/page"}],"author":[{"embeddable":true,"href":"https:\/\/cartonsducoeurgruyere.ch\/index.php\/wp-json\/wp\/v2\/users\/1"}],"replies":[{"embeddable":true,"href":"https:\/\/cartonsducoeurgruyere.ch\/index.php\/wp-json\/wp\/v2\/comments?post=288"}],"version-history":[{"count":11,"href":"https:\/\/cartonsducoeurgruyere.ch\/index.php\/wp-json\/wp\/v2\/pages\/288\/revisions"}],"predecessor-version":[{"id":577,"href":"https:\/\/cartonsducoeurgruyere.ch\/index.php\/wp-json\/wp\/v2\/pages\/288\/revisions\/577"}],"wp:attachment":[{"href":"https:\/\/cartonsducoeurgruyere.ch\/index.php\/wp-json\/wp\/v2\/media?parent=288"}],"curies":[{"name":"wp","href":"https:\/\/api.w.org\/{rel}","templated":true}]}}